{"id":2986,"date":"2026-01-17T09:11:38","date_gmt":"2026-01-17T09:11:38","guid":{"rendered":"https:\/\/aleksandrakomasz-plus.com\/product\/detox-complete-plus\/"},"modified":"2026-03-27T10:56:18","modified_gmt":"2026-03-27T10:56:18","slug":"detox-complete-plus","status":"publish","type":"product","link":"https:\/\/aleksandrakomasz-plus.com\/sl\/izdelek\/detox-complete-plus\/","title":{"rendered":"Celotni detox Plus"},"content":{"rendered":"","protected":false},"excerpt":{"rendered":"<p><strong>Magnezijev citrat + Heparbion Plus + Triphala Plus + Probio Duo Plus<br \/>\n<\/strong><span style=\"font-weight: 400;\"><br \/>\n<\/span><span style=\"font-weight: 400;\">Celovito razstrupljanje in mineralna podpora<\/span><\/p>\n<p><span style=\"font-weight: 400;\">Razstrupljanje je eden od temeljnih stebrov ajurvede. Ta paket ponuja bolj celovit pristop, ki temelji na na\u010delih, uporabljenih v centru pri la\u017ejih programih pan\u010dakarme ter podpori jeter in \u010drevesja.<\/span><\/p>\n","protected":false},"featured_media":2987,"comment_status":"open","ping_status":"closed","template":"","meta":{"_acf_changed":false,"_kad_blocks_custom_css":"","_kad_blocks_head_custom_js":"","_kad_blocks_body_custom_js":"","_kad_blocks_footer_custom_js":"","_kad_post_transparent":"default","_kad_post_title":"","_kad_post_layout":"default","_kad_post_sidebar_id":"","_kad_post_content_style":"default","_kad_post_vertical_padding":"default","_kad_post_feature":"","_kad_post_feature_position":"","_kad_post_header":false,"_kad_post_footer":false,"_kad_post_classname":""},"ingredients":[150,157,185,149],"product_brand":[],"product_cat":[154,159,133,94,160,152,155],"product_tag":[],"product_brands":[],"class_list":{"0":"post-2986","1":"product","2":"type-product","3":"status-publish","4":"has-post-thumbnail","6":"ingredients-amla-amalaki","7":"ingredients-heparbion","8":"ingredients-probiotiki-2","9":"ingredients-triphala","10":"product_cat-crevesni-mikrobiom","11":"product_cat-detoks","12":"product_cat-mineral-balance","13":"product_cat-bundles","14":"product_cat-podpora-jeter","15":"product_cat-prebava","16":"product_cat-prebavna-funkcija-agni","18":"first","19":"instock","20":"taxable","21":"shipping-taxable","22":"purchasable","23":"product-type-simple","24":"entry","25":"content-bg","26":"loop-entry"},"acf":[],"taxonomy_info":{"ingredients":[{"value":150,"label":"Amla (Amalaki)"},{"value":157,"label":"Heparbion"},{"value":185,"label":"Probiotiki"},{"value":149,"label":"Triphala"}],"product_cat":[{"value":154,"label":"\u010crevesni mikrobiom"},{"value":159,"label":"Detoks"},{"value":133,"label":"Mineralno ravnovesje"},{"value":94,"label":"Paketi"},{"value":160,"label":"Podpora jeter"},{"value":152,"label":"Prebava"},{"value":155,"label":"Prebavna funkcija (Agni)"}]},"featured_image_src_large":["https:\/\/aleksandrakomasz-plus.com\/wp-content\/uploads\/2026\/01\/Detox-complete-plus-768x1024.webp",768,1024,true],"author_info":[],"comment_info":0,"_links":{"self":[{"href":"https:\/\/aleksandrakomasz-plus.com\/sl\/wp-json\/wp\/v2\/product\/2986","targetHints":{"allow":["GET"]}}],"collection":[{"href":"https:\/\/aleksandrakomasz-plus.com\/sl\/wp-json\/wp\/v2\/product"}],"about":[{"href":"https:\/\/aleksandrakomasz-plus.com\/sl\/wp-json\/wp\/v2\/types\/product"}],"replies":[{"embeddable":true,"href":"https:\/\/aleksandrakomasz-plus.com\/sl\/wp-json\/wp\/v2\/comments?post=2986"}],"wp:featuredmedia":[{"embeddable":true,"href":"https:\/\/aleksandrakomasz-plus.com\/sl\/wp-json\/wp\/v2\/media\/2987"}],"wp:attachment":[{"href":"https:\/\/aleksandrakomasz-plus.com\/sl\/wp-json\/wp\/v2\/media?parent=2986"}],"wp:term":[{"taxonomy":"ingredients","embeddable":true,"href":"https:\/\/aleksandrakomasz-plus.com\/sl\/wp-json\/wp\/v2\/ingredients?post=2986"},{"taxonomy":"product_brand","embeddable":true,"href":"https:\/\/aleksandrakomasz-plus.com\/sl\/wp-json\/wp\/v2\/product_brand?post=2986"},{"taxonomy":"product_cat","embeddable":true,"href":"https:\/\/aleksandrakomasz-plus.com\/sl\/wp-json\/wp\/v2\/product_cat?post=2986"},{"taxonomy":"product_tag","embeddable":true,"href":"https:\/\/aleksandrakomasz-plus.com\/sl\/wp-json\/wp\/v2\/product_tag?post=2986"},{"taxonomy":"product_brands","embeddable":true,"href":"https:\/\/aleksandrakomasz-plus.com\/sl\/wp-json\/wp\/v2\/product_brands?post=2986"}],"curies":[{"name":"wp","href":"https:\/\/api.w.org\/{rel}","templated":true}]}}