{"id":2964,"date":"2026-01-15T09:08:51","date_gmt":"2026-01-15T09:08:51","guid":{"rendered":"https:\/\/aleksandrakomasz-plus.com\/product\/stress-reset-plus\/"},"modified":"2026-03-27T10:56:17","modified_gmt":"2026-03-27T10:56:17","slug":"stress-reset-plus","status":"publish","type":"product","link":"https:\/\/aleksandrakomasz-plus.com\/sl\/izdelek\/stress-reset-plus\/","title":{"rendered":"Stres Reset Plus"},"content":{"rendered":"","protected":false},"excerpt":{"rendered":"<p><strong>Magnezijev malat + Vitamin D3 &amp; K2 + Ashwagandha Plus<br \/>\n<\/strong><span style=\"font-weight: 400;\"><br \/>\n<\/span><span style=\"font-weight: 400;\">Okrevanje po kroni\u010dnem stresu in izgorelosti<\/span><\/p>\n<p><span style=\"font-weight: 400;\">Izgorelost je v ajurvedi razumljena kot znak dolgotrajne iz\u010drpanosti vitalne energije. Ta paket je zasnovan po na\u010delih, ki se uporabljajo v centru za stranke, ki se soo\u010dajo s kroni\u010dno utrujenostjo, mentalnim pritiskom in hormonskim neravnovesjem.<\/span><\/p>\n","protected":false},"featured_media":3303,"comment_status":"open","ping_status":"closed","template":"","meta":{"_acf_changed":false,"_kad_blocks_custom_css":"","_kad_blocks_head_custom_js":"","_kad_blocks_body_custom_js":"","_kad_blocks_footer_custom_js":"","_kad_post_transparent":"default","_kad_post_title":"","_kad_post_layout":"default","_kad_post_sidebar_id":"","_kad_post_content_style":"default","_kad_post_vertical_padding":"default","_kad_post_feature":"","_kad_post_feature_position":"","_kad_post_header":false,"_kad_post_footer":false,"_kad_post_classname":""},"ingredients":[146,162,163],"product_brand":[],"product_cat":[164,133,94,130,131],"product_tag":[],"product_brands":[],"class_list":{"0":"post-2964","1":"product","2":"type-product","3":"status-publish","4":"has-post-thumbnail","6":"ingredients-ashwagandha","7":"ingredients-magnezij-malat","8":"ingredients-vitamin-d3-k2","9":"product_cat-hormonsko-ravnovesje-podpora","10":"product_cat-mineral-balance","11":"product_cat-bundles","12":"product_cat-stress-nervous-system","13":"product_cat-nervous-system","15":"first","16":"outofstock","17":"taxable","18":"shipping-taxable","19":"purchasable","20":"product-type-simple","21":"entry","22":"content-bg","23":"loop-entry"},"acf":[],"taxonomy_info":{"ingredients":[{"value":146,"label":"A\u0161vaganda"},{"value":162,"label":"Magnezij (malat)"},{"value":163,"label":"Vitamin D3 &amp; K2"}],"product_cat":[{"value":164,"label":"Hormonsko ravnovesje (podpora)"},{"value":133,"label":"Mineralno ravnovesje"},{"value":94,"label":"Paketi"},{"value":130,"label":"Stres in \u017eiv\u010dni sistem"},{"value":131,"label":"\u017div\u010dni sistem"}]},"featured_image_src_large":["https:\/\/aleksandrakomasz-plus.com\/wp-content\/uploads\/2025\/11\/7-1024x1024.webp",1024,1024,true],"author_info":[],"comment_info":0,"_links":{"self":[{"href":"https:\/\/aleksandrakomasz-plus.com\/sl\/wp-json\/wp\/v2\/product\/2964","targetHints":{"allow":["GET"]}}],"collection":[{"href":"https:\/\/aleksandrakomasz-plus.com\/sl\/wp-json\/wp\/v2\/product"}],"about":[{"href":"https:\/\/aleksandrakomasz-plus.com\/sl\/wp-json\/wp\/v2\/types\/product"}],"replies":[{"embeddable":true,"href":"https:\/\/aleksandrakomasz-plus.com\/sl\/wp-json\/wp\/v2\/comments?post=2964"}],"wp:featuredmedia":[{"embeddable":true,"href":"https:\/\/aleksandrakomasz-plus.com\/sl\/wp-json\/wp\/v2\/media\/3303"}],"wp:attachment":[{"href":"https:\/\/aleksandrakomasz-plus.com\/sl\/wp-json\/wp\/v2\/media?parent=2964"}],"wp:term":[{"taxonomy":"ingredients","embeddable":true,"href":"https:\/\/aleksandrakomasz-plus.com\/sl\/wp-json\/wp\/v2\/ingredients?post=2964"},{"taxonomy":"product_brand","embeddable":true,"href":"https:\/\/aleksandrakomasz-plus.com\/sl\/wp-json\/wp\/v2\/product_brand?post=2964"},{"taxonomy":"product_cat","embeddable":true,"href":"https:\/\/aleksandrakomasz-plus.com\/sl\/wp-json\/wp\/v2\/product_cat?post=2964"},{"taxonomy":"product_tag","embeddable":true,"href":"https:\/\/aleksandrakomasz-plus.com\/sl\/wp-json\/wp\/v2\/product_tag?post=2964"},{"taxonomy":"product_brands","embeddable":true,"href":"https:\/\/aleksandrakomasz-plus.com\/sl\/wp-json\/wp\/v2\/product_brands?post=2964"}],"curies":[{"name":"wp","href":"https:\/\/api.w.org\/{rel}","templated":true}]}}