{"id":1793,"date":"2026-01-15T07:02:29","date_gmt":"2026-01-15T07:02:29","guid":{"rendered":"https:\/\/aleksandrakomasz-plus.com\/product\/paket-mirno-spanje\/"},"modified":"2026-03-27T10:56:14","modified_gmt":"2026-03-27T10:56:14","slug":"paket-mirno-spanje","status":"publish","type":"product","link":"https:\/\/aleksandrakomasz-plus.com\/sl\/izdelek\/paket-mirno-spanje\/","title":{"rendered":"Mirno spanje Plus"},"content":{"rendered":"","protected":false},"excerpt":{"rendered":"<p><strong>Melatonin + Ashwagandha Plus + Magnezijev glicinat<\/strong><\/p>\n<p><span style=\"font-weight: 400;\">Globok spanec in miren \u017eiv\u010dni sistem<\/span><\/p>\n<p><span style=\"font-weight: 400;\">V ajurvedi so motnje spanca povezane z neravnovesjem do\u0161e Vata. Ta paket zdru\u017euje naravne snovi, ki se uporabljajo v ajurvedskem centru za podporo strankam s preobremenjenim \u017eiv\u010dnim sistemom, notranjim nemirom in te\u017eavami s spanjem.<\/span><\/p>\n","protected":false},"featured_media":3301,"comment_status":"open","ping_status":"closed","template":"","meta":{"_acf_changed":false,"_kad_blocks_custom_css":"","_kad_blocks_head_custom_js":"","_kad_blocks_body_custom_js":"","_kad_blocks_footer_custom_js":"","_kad_post_transparent":"default","_kad_post_title":"","_kad_post_layout":"default","_kad_post_sidebar_id":"","_kad_post_content_style":"default","_kad_post_vertical_padding":"default","_kad_post_feature":"","_kad_post_feature_position":"","_kad_post_header":false,"_kad_post_footer":false,"_kad_post_classname":""},"ingredients":[146,147,148],"product_brand":[],"product_cat":[133,94,132,129,130,131],"product_tag":[],"product_brands":[],"class_list":{"0":"post-1793","1":"product","2":"type-product","3":"status-publish","4":"has-post-thumbnail","6":"ingredients-ashwagandha","7":"ingredients-magnesium-glycinate","8":"ingredients-melatonin","9":"product_cat-mineral-balance","10":"product_cat-bundles","11":"product_cat-sleep-regulation","12":"product_cat-sleep","13":"product_cat-stress-nervous-system","14":"product_cat-nervous-system","16":"first","17":"outofstock","18":"taxable","19":"shipping-taxable","20":"purchasable","21":"product-type-simple","22":"entry","23":"content-bg","24":"loop-entry"},"acf":[],"taxonomy_info":{"ingredients":[{"value":146,"label":"A\u0161vaganda"},{"value":147,"label":"Magnezij (glicinat)"},{"value":148,"label":"Melatonin"}],"product_cat":[{"value":133,"label":"Mineralno ravnovesje"},{"value":94,"label":"Paketi"},{"value":132,"label":"Regulacija spanja"},{"value":129,"label":"Spanec"},{"value":130,"label":"Stres in \u017eiv\u010dni sistem"},{"value":131,"label":"\u017div\u010dni sistem"}]},"featured_image_src_large":["https:\/\/aleksandrakomasz-plus.com\/wp-content\/uploads\/2025\/11\/9-2-1024x1024.webp",1024,1024,true],"author_info":[],"comment_info":0,"_links":{"self":[{"href":"https:\/\/aleksandrakomasz-plus.com\/sl\/wp-json\/wp\/v2\/product\/1793","targetHints":{"allow":["GET"]}}],"collection":[{"href":"https:\/\/aleksandrakomasz-plus.com\/sl\/wp-json\/wp\/v2\/product"}],"about":[{"href":"https:\/\/aleksandrakomasz-plus.com\/sl\/wp-json\/wp\/v2\/types\/product"}],"replies":[{"embeddable":true,"href":"https:\/\/aleksandrakomasz-plus.com\/sl\/wp-json\/wp\/v2\/comments?post=1793"}],"wp:featuredmedia":[{"embeddable":true,"href":"https:\/\/aleksandrakomasz-plus.com\/sl\/wp-json\/wp\/v2\/media\/3301"}],"wp:attachment":[{"href":"https:\/\/aleksandrakomasz-plus.com\/sl\/wp-json\/wp\/v2\/media?parent=1793"}],"wp:term":[{"taxonomy":"ingredients","embeddable":true,"href":"https:\/\/aleksandrakomasz-plus.com\/sl\/wp-json\/wp\/v2\/ingredients?post=1793"},{"taxonomy":"product_brand","embeddable":true,"href":"https:\/\/aleksandrakomasz-plus.com\/sl\/wp-json\/wp\/v2\/product_brand?post=1793"},{"taxonomy":"product_cat","embeddable":true,"href":"https:\/\/aleksandrakomasz-plus.com\/sl\/wp-json\/wp\/v2\/product_cat?post=1793"},{"taxonomy":"product_tag","embeddable":true,"href":"https:\/\/aleksandrakomasz-plus.com\/sl\/wp-json\/wp\/v2\/product_tag?post=1793"},{"taxonomy":"product_brands","embeddable":true,"href":"https:\/\/aleksandrakomasz-plus.com\/sl\/wp-json\/wp\/v2\/product_brands?post=1793"}],"curies":[{"name":"wp","href":"https:\/\/api.w.org\/{rel}","templated":true}]}}