{"id":1589,"date":"2025-11-18T10:53:42","date_gmt":"2025-11-18T10:53:42","guid":{"rendered":"https:\/\/aleksandrakomasz-plus.com\/product\/triphala-plus\/"},"modified":"2026-03-27T10:55:57","modified_gmt":"2026-03-27T10:55:57","slug":"triphala-plus","status":"publish","type":"product","link":"https:\/\/aleksandrakomasz-plus.com\/sl\/izdelek\/triphala-plus\/","title":{"rendered":"Triphala plus"},"content":{"rendered":"<p><span style=\"font-weight: 400;\">Triphala Plus je skrbno zasnovana rastlinska me\u0161anica treh klasi\u010dnih ajurvedskih sade\u017eev: amalaki (<\/span><em><span style=\"font-weight: 400;\">Phyllanthus emblica<\/span><\/em><span style=\"font-weight: 400;\">), bibhitaki (<\/span><em><span style=\"font-weight: 400;\">Terminalia bellirica<\/span><\/em><span style=\"font-weight: 400;\">) in haritaki (<\/span><em><span style=\"font-weight: 400;\">Terminalia chebula<\/span><\/em><span style=\"font-weight: 400;\">), ne\u017eno dopolnjena s komar\u010dkom (<\/span><em><span style=\"font-weight: 400;\">Foeniculum vulgare<\/span><\/em><span style=\"font-weight: 400;\">) in vrtnico (<\/span><em><span style=\"font-weight: 400;\">Rosa indica<\/span><\/em><span style=\"font-weight: 400;\">).<\/span><span style=\"font-weight: 400;\"><br \/>\n<\/span><\/p>\n","protected":false},"excerpt":{"rendered":"<p><strong>Na\u0161a najbolj prodajana formula za podporo rednemu odvajanju, naravnemu \u010di\u0161\u010denju telesa ter ohranjanju ravnovesja prebavnega sistema.<\/strong><\/p>\n<p>Triphala Plus je skrbno zasnovana rastlinska me\u0161anica treh klasi\u010dnih ajurvedskih sade\u017eev: amalaki (Phyllanthus emblica), bibhitaki (Terminalia bellirica) in haritaki (Terminalia chebula), ki jih ne\u017eno dopolnjujeta komar\u010dek (Foeniculum vulgare) in vrtnica (Rosa indica).<span style=\"font-weight: 400;\"><br \/>\n<\/span><span style=\"font-weight: 400;\">Zaradi svoje uravnote\u017eene sestave je lahko dragocen del dnevne rutine za vse, ki \u017eelijo urejen jutranji ritem prebave, zmanj\u0161ati napihnjenost in ob\u010dutek te\u017ekosti, umiriti um in se \u017eelijo dobro po\u010dutiti.*<\/span><\/p>\n<p><em><span style=\"font-weight: 400;\">*Navedene trditve so zgodovinskega\/informativnega zna\u010daja in ne predstavljajo zdravstvene trditve.<\/span><\/em><\/p>\n","protected":false},"featured_media":1587,"comment_status":"open","ping_status":"closed","template":"","meta":{"_acf_changed":false,"_kad_blocks_custom_css":"","_kad_blocks_head_custom_js":"","_kad_blocks_body_custom_js":"","_kad_blocks_footer_custom_js":"","_kad_post_transparent":"default","_kad_post_title":"","_kad_post_layout":"default","_kad_post_sidebar_id":"","_kad_post_content_style":"default","_kad_post_vertical_padding":"default","_kad_post_feature":"","_kad_post_feature_position":"","_kad_post_header":false,"_kad_post_footer":false,"_kad_post_classname":""},"ingredients":[],"product_brand":[],"product_cat":[86],"product_tag":[],"product_brands":[],"class_list":{"0":"post-1589","1":"product","2":"type-product","3":"status-publish","4":"has-post-thumbnail","6":"product_cat-uncategorized-sl","8":"first","9":"instock","10":"taxable","11":"shipping-taxable","12":"purchasable","13":"product-type-simple","14":"entry","15":"content-bg","16":"loop-entry"},"acf":[],"taxonomy_info":{"product_cat":[{"value":86,"label":"Uncategorized @sl"}]},"featured_image_src_large":["https:\/\/aleksandrakomasz-plus.com\/wp-content\/uploads\/2025\/11\/Triphala-plus-1-1-1024x1007.webp",1024,1007,true],"author_info":[],"comment_info":0,"_links":{"self":[{"href":"https:\/\/aleksandrakomasz-plus.com\/sl\/wp-json\/wp\/v2\/product\/1589","targetHints":{"allow":["GET"]}}],"collection":[{"href":"https:\/\/aleksandrakomasz-plus.com\/sl\/wp-json\/wp\/v2\/product"}],"about":[{"href":"https:\/\/aleksandrakomasz-plus.com\/sl\/wp-json\/wp\/v2\/types\/product"}],"replies":[{"embeddable":true,"href":"https:\/\/aleksandrakomasz-plus.com\/sl\/wp-json\/wp\/v2\/comments?post=1589"}],"wp:featuredmedia":[{"embeddable":true,"href":"https:\/\/aleksandrakomasz-plus.com\/sl\/wp-json\/wp\/v2\/media\/1587"}],"wp:attachment":[{"href":"https:\/\/aleksandrakomasz-plus.com\/sl\/wp-json\/wp\/v2\/media?parent=1589"}],"wp:term":[{"taxonomy":"ingredients","embeddable":true,"href":"https:\/\/aleksandrakomasz-plus.com\/sl\/wp-json\/wp\/v2\/ingredients?post=1589"},{"taxonomy":"product_brand","embeddable":true,"href":"https:\/\/aleksandrakomasz-plus.com\/sl\/wp-json\/wp\/v2\/product_brand?post=1589"},{"taxonomy":"product_cat","embeddable":true,"href":"https:\/\/aleksandrakomasz-plus.com\/sl\/wp-json\/wp\/v2\/product_cat?post=1589"},{"taxonomy":"product_tag","embeddable":true,"href":"https:\/\/aleksandrakomasz-plus.com\/sl\/wp-json\/wp\/v2\/product_tag?post=1589"},{"taxonomy":"product_brands","embeddable":true,"href":"https:\/\/aleksandrakomasz-plus.com\/sl\/wp-json\/wp\/v2\/product_brands?post=1589"}],"curies":[{"name":"wp","href":"https:\/\/api.w.org\/{rel}","templated":true}]}}