{"id":2905,"date":"2025-12-30T12:03:24","date_gmt":"2025-12-30T12:03:24","guid":{"rendered":"https:\/\/aleksandrakomasz-plus.com\/kakovost-in-skladnost\/"},"modified":"2026-02-09T07:57:14","modified_gmt":"2026-02-09T07:57:14","slug":"kakovost-in-skladnost","status":"publish","type":"page","link":"https:\/\/aleksandrakomasz-plus.com\/sl\/kakovost-in-skladnost\/","title":{"rendered":"KAKOVOST IN SKLADNOST"},"content":{"rendered":"<style>.kb-row-layout-id1258_715ccb-8d > .kt-row-column-wrap{align-content:center;}:where(.kb-row-layout-id1258_715ccb-8d > .kt-row-column-wrap) > .wp-block-kadence-column{justify-content:center;}.kb-row-layout-id1258_715ccb-8d > .kt-row-column-wrap{column-gap:var(--global-kb-gap-md, 2rem);row-gap:var(--global-kb-gap-md, 2rem);padding-top:var(--global-kb-spacing-sm, 1.5rem);padding-bottom:var(--global-kb-spacing-sm, 1.5rem);min-height:600px;grid-template-columns:minmax(0, 1fr);}.kb-row-layout-id1258_715ccb-8d{background-image:url('https:\/\/aleksandrakomasz-plus.com\/wp-content\/uploads\/2026\/01\/KOWLEDGE-PHOTO-1-scaled-e1768397741297.webp');background-size:cover;background-position:center center;background-attachment:scroll;background-repeat:no-repeat;}.kb-row-layout-id1258_715ccb-8d > .kt-row-layout-overlay{opacity:0.30;}@media all and (max-width: 1024px){.kb-row-layout-id1258_715ccb-8d > .kt-row-column-wrap{grid-template-columns:minmax(0, 1fr);}}@media all and (max-width: 767px){.kb-row-layout-id1258_715ccb-8d > .kt-row-column-wrap{grid-template-columns:minmax(0, 1fr);}}<\/style><div class=\"kb-row-layout-wrap kb-row-layout-id1258_715ccb-8d alignfull kt-row-has-bg wp-block-kadence-rowlayout\"><div class=\"kt-row-column-wrap kt-has-1-columns kt-row-layout-equal kt-tab-layout-inherit kt-mobile-layout-row kt-row-valign-middle\">\n<style>.kadence-column1258_146ad7-ca > .kt-inside-inner-col,.kadence-column1258_146ad7-ca > .kt-inside-inner-col:before{border-top-left-radius:0px;border-top-right-radius:0px;border-bottom-right-radius:0px;border-bottom-left-radius:0px;}.kadence-column1258_146ad7-ca > .kt-inside-inner-col{column-gap:var(--global-kb-gap-sm, 1rem);}.kadence-column1258_146ad7-ca > .kt-inside-inner-col{flex-direction:column;}.kadence-column1258_146ad7-ca > .kt-inside-inner-col > .aligncenter{width:100%;}.kadence-column1258_146ad7-ca > .kt-inside-inner-col:before{opacity:0.3;}.kadence-column1258_146ad7-ca{position:relative;}@media all and (max-width: 1024px){.kadence-column1258_146ad7-ca > .kt-inside-inner-col{flex-direction:column;justify-content:center;}}@media all and (max-width: 767px){.kadence-column1258_146ad7-ca > .kt-inside-inner-col{flex-direction:column;justify-content:center;}}<\/style>\n<div class=\"wp-block-kadence-column kadence-column1258_146ad7-ca\"><div class=\"kt-inside-inner-col\"><style>.wp-block-kadence-advancedheading.kt-adv-heading1258_19bcfe-7b, .wp-block-kadence-advancedheading.kt-adv-heading1258_19bcfe-7b[data-kb-block=\"kb-adv-heading1258_19bcfe-7b\"]{text-align:center;font-style:normal;}.wp-block-kadence-advancedheading.kt-adv-heading1258_19bcfe-7b mark.kt-highlight, .wp-block-kadence-advancedheading.kt-adv-heading1258_19bcfe-7b[data-kb-block=\"kb-adv-heading1258_19bcfe-7b\"] mark.kt-highlight{font-style:normal;color:#f76a0c;-webkit-box-decoration-break:clone;box-decoration-break:clone;padding-top:0px;padding-right:0px;padding-bottom:0px;padding-left:0px;}.wp-block-kadence-advancedheading.kt-adv-heading1258_19bcfe-7b img.kb-inline-image, .wp-block-kadence-advancedheading.kt-adv-heading1258_19bcfe-7b[data-kb-block=\"kb-adv-heading1258_19bcfe-7b\"] img.kb-inline-image{width:150px;vertical-align:baseline;}<\/style>\n<h1 class=\"kt-adv-heading1258_19bcfe-7b wp-block-kadence-advancedheading has-theme-palette-9-color has-text-color\" data-kb-block=\"kb-adv-heading1258_19bcfe-7b\"><strong>KAKOVOST IN SKLADNOST<\/strong><\/h1>\n<\/div><\/div>\n\n<\/div><\/div><style>.kb-row-layout-id1258_541db2-7c > .kt-row-column-wrap{align-content:start;}:where(.kb-row-layout-id1258_541db2-7c > .kt-row-column-wrap) > .wp-block-kadence-column{justify-content:start;}.kb-row-layout-id1258_541db2-7c > .kt-row-column-wrap{column-gap:var(--global-kb-gap-md, 2rem);row-gap:var(--global-kb-gap-md, 2rem);padding-top:var(--global-kb-spacing-xl, 4rem);padding-bottom:var(--global-kb-spacing-xl, 4rem);grid-template-columns:minmax(0, 1fr);}.kb-row-layout-id1258_541db2-7c > .kt-row-layout-overlay{opacity:0.30;}@media all and (max-width: 1024px){.kb-row-layout-id1258_541db2-7c > .kt-row-column-wrap{grid-template-columns:minmax(0, 1fr);}}@media all and (max-width: 767px){.kb-row-layout-id1258_541db2-7c > .kt-row-column-wrap{grid-template-columns:minmax(0, 1fr);}}<\/style><div class=\"kb-row-layout-wrap kb-row-layout-id1258_541db2-7c alignnone wp-block-kadence-rowlayout\"><div class=\"kt-row-column-wrap kt-has-1-columns kt-row-layout-equal kt-tab-layout-inherit kt-mobile-layout-row kt-row-valign-top\">\n<style>.kadence-column1258_787b6e-ba > .kt-inside-inner-col,.kadence-column1258_787b6e-ba > .kt-inside-inner-col:before{border-top-left-radius:0px;border-top-right-radius:0px;border-bottom-right-radius:0px;border-bottom-left-radius:0px;}.kadence-column1258_787b6e-ba > .kt-inside-inner-col{column-gap:var(--global-kb-gap-sm, 1rem);}.kadence-column1258_787b6e-ba > .kt-inside-inner-col{flex-direction:column;}.kadence-column1258_787b6e-ba > .kt-inside-inner-col > .aligncenter{width:100%;}.kadence-column1258_787b6e-ba > .kt-inside-inner-col:before{opacity:0.3;}.kadence-column1258_787b6e-ba{position:relative;}@media all and (max-width: 1024px){.kadence-column1258_787b6e-ba > .kt-inside-inner-col{flex-direction:column;justify-content:center;}}@media all and (max-width: 767px){.kadence-column1258_787b6e-ba > .kt-inside-inner-col{flex-direction:column;justify-content:center;}}<\/style>\n<div class=\"wp-block-kadence-column kadence-column1258_787b6e-ba\"><div class=\"kt-inside-inner-col\"><style>.wp-block-kadence-advancedheading.kt-adv-heading1258_d061ae-3d, .wp-block-kadence-advancedheading.kt-adv-heading1258_d061ae-3d[data-kb-block=\"kb-adv-heading1258_d061ae-3d\"]{font-style:normal;}.wp-block-kadence-advancedheading.kt-adv-heading1258_d061ae-3d mark.kt-highlight, .wp-block-kadence-advancedheading.kt-adv-heading1258_d061ae-3d[data-kb-block=\"kb-adv-heading1258_d061ae-3d\"] mark.kt-highlight{font-style:normal;color:#f76a0c;-webkit-box-decoration-break:clone;box-decoration-break:clone;padding-top:0px;padding-right:0px;padding-bottom:0px;padding-left:0px;}.wp-block-kadence-advancedheading.kt-adv-heading1258_d061ae-3d img.kb-inline-image, .wp-block-kadence-advancedheading.kt-adv-heading1258_d061ae-3d[data-kb-block=\"kb-adv-heading1258_d061ae-3d\"] img.kb-inline-image{width:150px;vertical-align:baseline;}<\/style>\n<h2 id=\"GMP\" class=\"kt-adv-heading1258_d061ae-3d wp-block-kadence-advancedheading\" data-kb-block=\"kb-adv-heading1258_d061ae-3d\">GMP \u2013 Dobra proizvodna praksa<\/h2>\n\n\n<style>.wp-block-kadence-advancedheading.kt-adv-heading1258_45eae5-10, .wp-block-kadence-advancedheading.kt-adv-heading1258_45eae5-10[data-kb-block=\"kb-adv-heading1258_45eae5-10\"]{font-style:normal;}.wp-block-kadence-advancedheading.kt-adv-heading1258_45eae5-10 mark.kt-highlight, .wp-block-kadence-advancedheading.kt-adv-heading1258_45eae5-10[data-kb-block=\"kb-adv-heading1258_45eae5-10\"] mark.kt-highlight{font-style:normal;color:#f76a0c;-webkit-box-decoration-break:clone;box-decoration-break:clone;padding-top:0px;padding-right:0px;padding-bottom:0px;padding-left:0px;}.wp-block-kadence-advancedheading.kt-adv-heading1258_45eae5-10 img.kb-inline-image, .wp-block-kadence-advancedheading.kt-adv-heading1258_45eae5-10[data-kb-block=\"kb-adv-heading1258_45eae5-10\"] img.kb-inline-image{width:150px;vertical-align:baseline;}<\/style>\n<p class=\"kt-adv-heading1258_45eae5-10 wp-block-kadence-advancedheading\" data-kb-block=\"kb-adv-heading1258_45eae5-10\">Dobra proizvodna praksa (GMP) se nana\u0161a na mednarodno priznane standarde, ki zagotavljajo<br\/>da so izdelki dosledno proizvedeni in nadzorovani v skladu z dolo\u010denimi zahtevami kakovosti.<br\/>Na\u0161a prehranska dopolnila proizvajajo partnerji, ki delujejo v skladu z na\u010deli GMP<br\/>. Ti standardi so zasnovani tako, da zmanj\u0161ujejo tveganja, povezana s proizvodnimi procesi,<br\/>in zagotavljajo dosledno kakovost, varnost in sledljivost izdelkov, kar presega tisto, kar je mogo\u010de dose\u010di<br\/>samo s testiranjem kon\u010dnih izdelkov.<\/p>\n\n\n<style>.wp-block-kadence-advancedheading.kt-adv-heading1258_c74480-fe, .wp-block-kadence-advancedheading.kt-adv-heading1258_c74480-fe[data-kb-block=\"kb-adv-heading1258_c74480-fe\"]{font-style:normal;}.wp-block-kadence-advancedheading.kt-adv-heading1258_c74480-fe mark.kt-highlight, .wp-block-kadence-advancedheading.kt-adv-heading1258_c74480-fe[data-kb-block=\"kb-adv-heading1258_c74480-fe\"] mark.kt-highlight{font-style:normal;color:#f76a0c;-webkit-box-decoration-break:clone;box-decoration-break:clone;padding-top:0px;padding-right:0px;padding-bottom:0px;padding-left:0px;}.wp-block-kadence-advancedheading.kt-adv-heading1258_c74480-fe img.kb-inline-image, .wp-block-kadence-advancedheading.kt-adv-heading1258_c74480-fe[data-kb-block=\"kb-adv-heading1258_c74480-fe\"] img.kb-inline-image{width:150px;vertical-align:baseline;}<\/style>\n<p class=\"kt-adv-heading1258_c74480-fe wp-block-kadence-advancedheading\" data-kb-block=\"kb-adv-heading1258_c74480-fe\"><strong><strong><a href=\"https:\/\/www.who.int\/news-room\/questions-and-answers\/item\/medicines-good-manufacturing-processes\" data-type=\"link\" data-id=\"https:\/\/www.who.int\/news-room\/questions-and-answers\/item\/medicines-good-manufacturing-processes\" target=\"_blank\" rel=\"noopener\">VE\u010c O TEM<\/a><\/strong><\/strong><\/p>\n<\/div><\/div>\n\n\n<style>.kadence-column1258_409759-90 > .kt-inside-inner-col,.kadence-column1258_409759-90 > .kt-inside-inner-col:before{border-top-left-radius:0px;border-top-right-radius:0px;border-bottom-right-radius:0px;border-bottom-left-radius:0px;}.kadence-column1258_409759-90 > .kt-inside-inner-col{column-gap:var(--global-kb-gap-sm, 1rem);}.kadence-column1258_409759-90 > .kt-inside-inner-col{flex-direction:column;}.kadence-column1258_409759-90 > .kt-inside-inner-col > .aligncenter{width:100%;}.kadence-column1258_409759-90 > .kt-inside-inner-col:before{opacity:0.3;}.kadence-column1258_409759-90{position:relative;}@media all and (max-width: 1024px){.kadence-column1258_409759-90 > .kt-inside-inner-col{flex-direction:column;justify-content:center;}}@media all and (max-width: 767px){.kadence-column1258_409759-90 > .kt-inside-inner-col{flex-direction:column;justify-content:center;}}<\/style>\n<div class=\"wp-block-kadence-column kadence-column1258_409759-90\"><div class=\"kt-inside-inner-col\"><style>.wp-block-kadence-advancedheading.kt-adv-heading1258_d68f05-3c, .wp-block-kadence-advancedheading.kt-adv-heading1258_d68f05-3c[data-kb-block=\"kb-adv-heading1258_d68f05-3c\"]{font-style:normal;}.wp-block-kadence-advancedheading.kt-adv-heading1258_d68f05-3c mark.kt-highlight, .wp-block-kadence-advancedheading.kt-adv-heading1258_d68f05-3c[data-kb-block=\"kb-adv-heading1258_d68f05-3c\"] mark.kt-highlight{font-style:normal;color:#f76a0c;-webkit-box-decoration-break:clone;box-decoration-break:clone;padding-top:0px;padding-right:0px;padding-bottom:0px;padding-left:0px;}.wp-block-kadence-advancedheading.kt-adv-heading1258_d68f05-3c img.kb-inline-image, .wp-block-kadence-advancedheading.kt-adv-heading1258_d68f05-3c[data-kb-block=\"kb-adv-heading1258_d68f05-3c\"] img.kb-inline-image{width:150px;vertical-align:baseline;}<\/style>\n<h2 id=\"GDP\" class=\"kt-adv-heading1258_d68f05-3c wp-block-kadence-advancedheading\" data-kb-block=\"kb-adv-heading1258_d68f05-3c\">GDP \u2013 Dobra distribucijska praksa<\/h2>\n\n\n<style>.wp-block-kadence-advancedheading.kt-adv-heading1258_adf515-34, .wp-block-kadence-advancedheading.kt-adv-heading1258_adf515-34[data-kb-block=\"kb-adv-heading1258_adf515-34\"]{font-style:normal;}.wp-block-kadence-advancedheading.kt-adv-heading1258_adf515-34 mark.kt-highlight, .wp-block-kadence-advancedheading.kt-adv-heading1258_adf515-34[data-kb-block=\"kb-adv-heading1258_adf515-34\"] mark.kt-highlight{font-style:normal;color:#f76a0c;-webkit-box-decoration-break:clone;box-decoration-break:clone;padding-top:0px;padding-right:0px;padding-bottom:0px;padding-left:0px;}.wp-block-kadence-advancedheading.kt-adv-heading1258_adf515-34 img.kb-inline-image, .wp-block-kadence-advancedheading.kt-adv-heading1258_adf515-34[data-kb-block=\"kb-adv-heading1258_adf515-34\"] img.kb-inline-image{width:150px;vertical-align:baseline;}<\/style>\n<p class=\"kt-adv-heading1258_adf515-34 wp-block-kadence-advancedheading\" data-kb-block=\"kb-adv-heading1258_adf515-34\">Na\u0161a zavezanost trajnosti pomeni spo\u0161tovanje naravnih virov, podpiranje odgovorne proizvodnje in zagotavljanje, da je vsak korak \u2013 od vira do va\u0161ega doma \u2013 premi\u0161ljen in odgovoren. Prizadevamo si ustvariti ponudbo, ki bo prestala preizkus \u010dasa in slu\u017eila tako ljudem kot naravi.<br\/>Na\u0161i izdelki imajo tudi <strong>EU ekolo\u0161ki certifikat<\/strong>, ki potrjuje, da so sestavine pridelane s spo\u0161tovanjem do zemlje, vode, biotske raznovrstnosti in naravnih virov. Celoten proces nadzoruje <strong>Bureau Veritas Slovenija<\/strong>, ki zagotavlja neodvisno preverjanje na\u0161ih trajnostnih in odgovornih praks.<\/p>\n\n\n<style>.wp-block-kadence-advancedheading.kt-adv-heading1258_7c7f3e-e1, .wp-block-kadence-advancedheading.kt-adv-heading1258_7c7f3e-e1[data-kb-block=\"kb-adv-heading1258_7c7f3e-e1\"]{margin-bottom:0px;font-style:normal;}.wp-block-kadence-advancedheading.kt-adv-heading1258_7c7f3e-e1 mark.kt-highlight, .wp-block-kadence-advancedheading.kt-adv-heading1258_7c7f3e-e1[data-kb-block=\"kb-adv-heading1258_7c7f3e-e1\"] mark.kt-highlight{font-style:normal;color:#f76a0c;-webkit-box-decoration-break:clone;box-decoration-break:clone;padding-top:0px;padding-right:0px;padding-bottom:0px;padding-left:0px;}.wp-block-kadence-advancedheading.kt-adv-heading1258_7c7f3e-e1 img.kb-inline-image, .wp-block-kadence-advancedheading.kt-adv-heading1258_7c7f3e-e1[data-kb-block=\"kb-adv-heading1258_7c7f3e-e1\"] img.kb-inline-image{width:150px;vertical-align:baseline;}<\/style>\n<p class=\"kt-adv-heading1258_7c7f3e-e1 wp-block-kadence-advancedheading\" data-kb-block=\"kb-adv-heading1258_7c7f3e-e1\">To pomeni, da:<\/p>\n\n\n\n<ul class=\"wp-block-list\">\n<li>so izdelki shranjeni in transportirani v ustreznih in nadzorovanih pogojih,<\/li>\n\n\n\n<li>so distribucijski procesi zasnovani tako, da prepre\u010dujejo kontaminacijo, po\u0161kodbe ali kvarjenje,<\/li>\n\n\n\n<li>so logisti\u010dni partnerji skrbno izbrani in nadzorovani,<\/li>\n\n\n\n<li>je sledljivost izdelkov zagotovljena na vsaki stopnji,<\/li>\n\n\n\n<li>obstajajo jasni postopki za obravnavo prito\u017eb, vra\u010dil ali odpoklicev izdelkov, \u010de je to potrebno.<\/li>\n<\/ul>\n<\/div><\/div>\n\n<\/div><\/div><style>.kb-row-layout-id1258_8081f5-a0 > .kt-row-column-wrap{align-content:start;}:where(.kb-row-layout-id1258_8081f5-a0 > .kt-row-column-wrap) > .wp-block-kadence-column{justify-content:start;}.kb-row-layout-id1258_8081f5-a0 > .kt-row-column-wrap{column-gap:var(--global-kb-gap-md, 2rem);row-gap:var(--global-kb-gap-md, 2rem);padding-top:0px;padding-bottom:var(--global-kb-spacing-xxl, 5rem);grid-template-columns:minmax(0, 1fr);}.kb-row-layout-id1258_8081f5-a0 > .kt-row-layout-overlay{opacity:0.30;}@media all and (max-width: 1024px){.kb-row-layout-id1258_8081f5-a0 > .kt-row-column-wrap{grid-template-columns:minmax(0, 1fr);}}@media all and (max-width: 767px){.kb-row-layout-id1258_8081f5-a0 > .kt-row-column-wrap{grid-template-columns:minmax(0, 1fr);}}<\/style><div class=\"kb-row-layout-wrap kb-row-layout-id1258_8081f5-a0 alignnone wp-block-kadence-rowlayout\" id=\"business-excellence\"><div class=\"kt-row-column-wrap kt-has-1-columns kt-row-layout-equal kt-tab-layout-inherit kt-mobile-layout-row kt-row-valign-top\">\n<style>.kadence-column1258_ea71f3-cc > .kt-inside-inner-col,.kadence-column1258_ea71f3-cc > .kt-inside-inner-col:before{border-top-left-radius:0px;border-top-right-radius:0px;border-bottom-right-radius:0px;border-bottom-left-radius:0px;}.kadence-column1258_ea71f3-cc > .kt-inside-inner-col{column-gap:var(--global-kb-gap-sm, 1rem);}.kadence-column1258_ea71f3-cc > .kt-inside-inner-col{flex-direction:column;}.kadence-column1258_ea71f3-cc > .kt-inside-inner-col > .aligncenter{width:100%;}.kadence-column1258_ea71f3-cc > .kt-inside-inner-col:before{opacity:0.3;}.kadence-column1258_ea71f3-cc{position:relative;}@media all and (max-width: 1024px){.kadence-column1258_ea71f3-cc > .kt-inside-inner-col{flex-direction:column;justify-content:center;}}@media all and (max-width: 767px){.kadence-column1258_ea71f3-cc > .kt-inside-inner-col{flex-direction:column;justify-content:center;}}<\/style>\n<div class=\"wp-block-kadence-column kadence-column1258_ea71f3-cc\"><div class=\"kt-inside-inner-col\"><style>.wp-block-kadence-advancedheading.kt-adv-heading1258_4de60c-23, .wp-block-kadence-advancedheading.kt-adv-heading1258_4de60c-23[data-kb-block=\"kb-adv-heading1258_4de60c-23\"]{font-style:normal;}.wp-block-kadence-advancedheading.kt-adv-heading1258_4de60c-23 mark.kt-highlight, .wp-block-kadence-advancedheading.kt-adv-heading1258_4de60c-23[data-kb-block=\"kb-adv-heading1258_4de60c-23\"] mark.kt-highlight{font-style:normal;color:#f76a0c;-webkit-box-decoration-break:clone;box-decoration-break:clone;padding-top:0px;padding-right:0px;padding-bottom:0px;padding-left:0px;}.wp-block-kadence-advancedheading.kt-adv-heading1258_4de60c-23 img.kb-inline-image, .wp-block-kadence-advancedheading.kt-adv-heading1258_4de60c-23[data-kb-block=\"kb-adv-heading1258_4de60c-23\"] img.kb-inline-image{width:150px;vertical-align:baseline;}<\/style>\n<h2 class=\"kt-adv-heading1258_4de60c-23 wp-block-kadence-advancedheading\" data-kb-block=\"kb-adv-heading1258_4de60c-23\">Poslovna odli\u010dnost<\/h2>\n\n\n<style>.wp-block-kadence-advancedheading.kt-adv-heading1258_406d5f-6e, .wp-block-kadence-advancedheading.kt-adv-heading1258_406d5f-6e[data-kb-block=\"kb-adv-heading1258_406d5f-6e\"]{font-style:normal;}.wp-block-kadence-advancedheading.kt-adv-heading1258_406d5f-6e mark.kt-highlight, .wp-block-kadence-advancedheading.kt-adv-heading1258_406d5f-6e[data-kb-block=\"kb-adv-heading1258_406d5f-6e\"] mark.kt-highlight{font-style:normal;color:#f76a0c;-webkit-box-decoration-break:clone;box-decoration-break:clone;padding-top:0px;padding-right:0px;padding-bottom:0px;padding-left:0px;}.wp-block-kadence-advancedheading.kt-adv-heading1258_406d5f-6e img.kb-inline-image, .wp-block-kadence-advancedheading.kt-adv-heading1258_406d5f-6e[data-kb-block=\"kb-adv-heading1258_406d5f-6e\"] img.kb-inline-image{width:150px;vertical-align:baseline;}<\/style>\n<p class=\"kt-adv-heading1258_406d5f-6e wp-block-kadence-advancedheading\" data-kb-block=\"kb-adv-heading1258_406d5f-6e\">\u017de od prvega dne smo si obljubili, da Aleksandra Komasz Plus nikoli ne bo delala kompromisov. Poslovna odli\u010dnost za nas ni le modna beseda. Je na\u0161a vsakodnevna praksa, obljuba na\u0161im partnerjem in strankam, da delujemo s kakovostjo, etiko in transparentnostjo v ospredju. Za distributerje, sodelavce in regulativne partnerje, ki razmi\u0161ljajo o sodelovanju z nami, \u017eelimo odpreti zaveso in vam pokazati, kako ohranjamo najvi\u0161je standarde pri vsem, kar po\u010dnemo. Verjamemo, da se dolgoro\u010dno zaupanje pridobi z doslednimi dejanji, zato vam ponujamo vpogled v to, kaj usmerja na\u0161o odli\u010dnost:<\/p>\n\n\n<style>.kadence-column1258_071bf3-65 > .kt-inside-inner-col,.kadence-column1258_071bf3-65 > .kt-inside-inner-col:before{border-top-left-radius:0px;border-top-right-radius:0px;border-bottom-right-radius:0px;border-bottom-left-radius:0px;}.kadence-column1258_071bf3-65 > .kt-inside-inner-col{column-gap:var(--global-kb-gap-sm, 1rem);}.kadence-column1258_071bf3-65 > .kt-inside-inner-col{flex-direction:column;}.kadence-column1258_071bf3-65 > .kt-inside-inner-col > .aligncenter{width:100%;}.kadence-column1258_071bf3-65 > .kt-inside-inner-col:before{opacity:0.3;}.kadence-column1258_071bf3-65{position:relative;}@media all and (max-width: 1024px){.kadence-column1258_071bf3-65 > .kt-inside-inner-col{flex-direction:column;justify-content:center;}}@media all and (max-width: 767px){.kadence-column1258_071bf3-65 > .kt-inside-inner-col{flex-direction:column;justify-content:center;}}<\/style>\n<div class=\"wp-block-kadence-column kadence-column1258_071bf3-65\"><div class=\"kt-inside-inner-col\">\n<ul class=\"wp-block-list\">\n<li>Sistemi kakovosti: Imamo robustne sisteme nadzora kakovosti na vsaki stopnji proizvodnje. Na\u0161a dopolnila so izdelana v obratih, ki sledijo strogim dobrim proizvodnim praksam, in vsaka serija je podvr\u017eena strogemu testiranju \u010distosti in u\u010dinkovitosti. Dokumentiramo vsak korak, s \u010dimer zagotavljamo, da je tisto, kar je na na\u0161i etiketi, natanko tisto, kar je v stekleni\u010dki \u2013 varno, u\u010dinkovito in zanesljivo.<\/li>\n\n\n\n<li>Eti\u010dna proizvodnja: Delati dobro je enako pomembno kot delati uspe\u0161no. Sestavine pridobivamo odgovorno, prednostno izbiramo ekolo\u0161ke in pravi\u010dne vire, kadar koli je to mogo\u010de, in sodelujemo le z dobavitelji, ki izpolnjujejo na\u0161e visoke eti\u010dne standarde. Na\u0161i proizvodni procesi so zasnovani tako, da so okolju prijazni, zmanj\u0161ujejo odpadke in na\u0161 oglji\u010dni odtis. Preprosto povedano, skrbimo za to, kako so na\u0161i izdelki izdelani, ne le za to, da so izdelani.<\/li>\n\n\n\n<li>Sledljivost: Verjamemo, da imate pravico vedeti, od kod prihajajo va\u0161i izdelki za dobro po\u010dutje. Vsako sestavino Aleksandra Komasz Plus je mogo\u010de izslediti do njenega izvora. Vzdr\u017eujemo podrobne zapise od kmetije do kon\u010dnega izdelka, s \u010dimer ustvarjamo transparentno dobavno verigo. Ta sledljivost ni le za videz \u2013 pomaga nam zagotoviti doslednost in hitro re\u0161iti morebitne te\u017eave, \u010de se kdaj pojavijo. Ko sodelujete z nami, lahko zaupate, da na\u0161e izdelke poznamo do potankosti.<\/li>\n\n\n\n<li>Dolgoro\u010dno zaupanje: Na\u0161e poslovanje temelji na odnosih. Ne glede na to, ali gre za stranko, ki izbere na\u0161e dopolnilo, ali distributerja, ki prodaja na\u0161o linijo, smo zavezani dolgoro\u010dnemu sodelovanju. Delujemo po\u0161teno, v skladu z vsemi regulativnimi zahtevami (in jih pogosto presegamo) ter nenehno i\u0161\u010demo na\u010dine za izbolj\u0161ave. Pozdravljamo odprto komunikacijo, revizije in vpra\u0161anja na\u0161ih partnerjev. Z odgovornostjo in zanesljivostjo iz leta v leto si prizadevamo pridobiti va\u0161e zaupanje za prihodnja desetletja.<\/li>\n<\/ul>\n\n\n<style>.wp-block-kadence-advancedheading.kt-adv-heading1258_002f4e-58, .wp-block-kadence-advancedheading.kt-adv-heading1258_002f4e-58[data-kb-block=\"kb-adv-heading1258_002f4e-58\"]{font-style:normal;}.wp-block-kadence-advancedheading.kt-adv-heading1258_002f4e-58 mark.kt-highlight, .wp-block-kadence-advancedheading.kt-adv-heading1258_002f4e-58[data-kb-block=\"kb-adv-heading1258_002f4e-58\"] mark.kt-highlight{font-style:normal;color:#f76a0c;-webkit-box-decoration-break:clone;box-decoration-break:clone;padding-top:0px;padding-right:0px;padding-bottom:0px;padding-left:0px;}.wp-block-kadence-advancedheading.kt-adv-heading1258_002f4e-58 img.kb-inline-image, .wp-block-kadence-advancedheading.kt-adv-heading1258_002f4e-58[data-kb-block=\"kb-adv-heading1258_002f4e-58\"] img.kb-inline-image{width:150px;vertical-align:baseline;}<\/style>\n<p class=\"kt-adv-heading1258_002f4e-58 wp-block-kadence-advancedheading\" data-kb-block=\"kb-adv-heading1258_002f4e-58\">Odli\u010dnost za nas pomeni, da nikoli ne postanemo samozadovoljni. Je \u017eiva zaveza, ki jo obnavljamo vsak dan, pri vsaki odlo\u010ditvi. \u010ce ste potencialni partner, ki ceni kakovost in integriteto ter \u017eeli izvedeti ve\u010d o na\u0161em delovanju, se pove\u017eimo. Z veseljem delimo podrobnosti, odgovarjamo na vpra\u0161anja ali sodelujemo pri novih idejah. Skupaj lahko dvignemo standarde, kaj naj bi blagovna znamka za dobro po\u010dutje predstavljala \u2013 zagotavljamo odli\u010dne izdelke in delamo odli\u010dne stvari, odgovorno in transparentno. Zgradimo nekaj odli\u010dnega, skupaj.<\/p>\n<\/div><\/div>\n<\/div><\/div>\n\n<\/div><\/div>","protected":false},"excerpt":{"rendered":"<p>KAKOVOST IN SKLADNOST GMP \u2013 Dobra proizvodna praksa Dobra proizvodna praksa (GMP) se nana\u0161a na mednarodno priznane standarde, ki zagotavljajoda so izdelki dosledno proizvedeni in nadzorovani v skladu z dolo\u010denimi zahtevami kakovosti.Na\u0161a prehranska dopolnila proizvajajo partnerji, ki delujejo v skladu z na\u010deli GMP. Ti standardi so zasnovani tako, da zmanj\u0161ujejo tveganja, povezana s proizvodnimi procesi,in&#8230;<\/p>\n","protected":false},"author":1,"featured_media":0,"parent":0,"menu_order":0,"comment_status":"closed","ping_status":"closed","template":"","meta":{"_acf_changed":false,"_kad_blocks_custom_css":"","_kad_blocks_head_custom_js":"","_kad_blocks_body_custom_js":"","_kad_blocks_footer_custom_js":"","_kad_post_transparent":"","_kad_post_title":"","_kad_post_layout":"","_kad_post_sidebar_id":"","_kad_post_content_style":"","_kad_post_vertical_padding":"","_kad_post_feature":"","_kad_post_feature_position":"","_kad_post_header":false,"_kad_post_footer":false,"_kad_post_classname":"","footnotes":""},"class_list":["post-2905","page","type-page","status-publish","hentry"],"acf":[],"taxonomy_info":[],"featured_image_src_large":false,"author_info":{"display_name":"wpm","author_link":"https:\/\/aleksandrakomasz-plus.com\/sl\/author\/wpm\/"},"comment_info":0,"_links":{"self":[{"href":"https:\/\/aleksandrakomasz-plus.com\/sl\/wp-json\/wp\/v2\/pages\/2905","targetHints":{"allow":["GET"]}}],"collection":[{"href":"https:\/\/aleksandrakomasz-plus.com\/sl\/wp-json\/wp\/v2\/pages"}],"about":[{"href":"https:\/\/aleksandrakomasz-plus.com\/sl\/wp-json\/wp\/v2\/types\/page"}],"author":[{"embeddable":true,"href":"https:\/\/aleksandrakomasz-plus.com\/sl\/wp-json\/wp\/v2\/users\/1"}],"replies":[{"embeddable":true,"href":"https:\/\/aleksandrakomasz-plus.com\/sl\/wp-json\/wp\/v2\/comments?post=2905"}],"version-history":[{"count":3,"href":"https:\/\/aleksandrakomasz-plus.com\/sl\/wp-json\/wp\/v2\/pages\/2905\/revisions"}],"predecessor-version":[{"id":3178,"href":"https:\/\/aleksandrakomasz-plus.com\/sl\/wp-json\/wp\/v2\/pages\/2905\/revisions\/3178"}],"wp:attachment":[{"href":"https:\/\/aleksandrakomasz-plus.com\/sl\/wp-json\/wp\/v2\/media?parent=2905"}],"curies":[{"name":"wp","href":"https:\/\/api.w.org\/{rel}","templated":true}]}}