{"id":2901,"date":"2026-01-19T11:15:35","date_gmt":"2026-01-19T11:15:35","guid":{"rendered":"https:\/\/aleksandrakomasz-plus.com\/pridruzite-se-nasi-ekipi\/"},"modified":"2026-02-06T10:56:54","modified_gmt":"2026-02-06T10:56:54","slug":"pridruzite-se-nasi-ekipi","status":"publish","type":"page","link":"https:\/\/aleksandrakomasz-plus.com\/sl\/pridruzite-se-nasi-ekipi\/","title":{"rendered":"Pridru\u017eite se na\u0161i ekipi"},"content":{"rendered":"<style>.kb-row-layout-id2178_72e1b4-fe > .kt-row-column-wrap{align-content:center;}:where(.kb-row-layout-id2178_72e1b4-fe > .kt-row-column-wrap) > .wp-block-kadence-column{justify-content:center;}.kb-row-layout-id2178_72e1b4-fe > .kt-row-column-wrap{column-gap:var(--global-kb-gap-md, 2rem);row-gap:var(--global-kb-gap-md, 2rem);padding-top:var(--global-kb-spacing-sm, 1.5rem);padding-bottom:var(--global-kb-spacing-sm, 1.5rem);min-height:600px;grid-template-columns:minmax(0, 1fr);}.kb-row-layout-id2178_72e1b4-fe{background-image:url('https:\/\/aleksandrakomasz-plus.com\/wp-content\/uploads\/2026\/01\/R4A3528-16-9-porezava-scaled.webp');background-size:cover;background-position:49% 22%;background-attachment:scroll;background-repeat:no-repeat;}.kb-row-layout-id2178_72e1b4-fe > .kt-row-layout-overlay{opacity:0.30;}@media all and (max-width: 1024px){.kb-row-layout-id2178_72e1b4-fe > .kt-row-column-wrap{grid-template-columns:minmax(0, 1fr);}}@media all and (max-width: 767px){.kb-row-layout-id2178_72e1b4-fe > .kt-row-column-wrap{grid-template-columns:minmax(0, 1fr);}}<\/style><div class=\"kb-row-layout-wrap kb-row-layout-id2178_72e1b4-fe alignfull kt-row-has-bg wp-block-kadence-rowlayout\"><div class=\"kt-row-column-wrap kt-has-1-columns kt-row-layout-equal kt-tab-layout-inherit kt-mobile-layout-row kt-row-valign-middle\">\n<style>.kadence-column2178_c20799-66 > .kt-inside-inner-col,.kadence-column2178_c20799-66 > .kt-inside-inner-col:before{border-top-left-radius:0px;border-top-right-radius:0px;border-bottom-right-radius:0px;border-bottom-left-radius:0px;}.kadence-column2178_c20799-66 > .kt-inside-inner-col{column-gap:var(--global-kb-gap-sm, 1rem);}.kadence-column2178_c20799-66 > .kt-inside-inner-col{flex-direction:column;}.kadence-column2178_c20799-66 > .kt-inside-inner-col > .aligncenter{width:100%;}.kadence-column2178_c20799-66 > .kt-inside-inner-col:before{opacity:0.3;}.kadence-column2178_c20799-66{position:relative;}@media all and (max-width: 1024px){.kadence-column2178_c20799-66 > .kt-inside-inner-col{flex-direction:column;justify-content:center;}}@media all and (max-width: 767px){.kadence-column2178_c20799-66 > .kt-inside-inner-col{flex-direction:column;justify-content:center;}}<\/style>\n<div class=\"wp-block-kadence-column kadence-column2178_c20799-66\"><div class=\"kt-inside-inner-col\"><style>.wp-block-kadence-advancedheading.kt-adv-heading2178_fa8896-4c, .wp-block-kadence-advancedheading.kt-adv-heading2178_fa8896-4c[data-kb-block=\"kb-adv-heading2178_fa8896-4c\"]{text-align:center;font-style:normal;color:#ffffff;}.wp-block-kadence-advancedheading.kt-adv-heading2178_fa8896-4c mark.kt-highlight, .wp-block-kadence-advancedheading.kt-adv-heading2178_fa8896-4c[data-kb-block=\"kb-adv-heading2178_fa8896-4c\"] mark.kt-highlight{font-style:normal;color:#f76a0c;-webkit-box-decoration-break:clone;box-decoration-break:clone;padding-top:0px;padding-right:0px;padding-bottom:0px;padding-left:0px;}.wp-block-kadence-advancedheading.kt-adv-heading2178_fa8896-4c img.kb-inline-image, .wp-block-kadence-advancedheading.kt-adv-heading2178_fa8896-4c[data-kb-block=\"kb-adv-heading2178_fa8896-4c\"] img.kb-inline-image{width:150px;vertical-align:baseline;}<\/style>\n<h1 class=\"kt-adv-heading2178_fa8896-4c wp-block-kadence-advancedheading\" data-kb-block=\"kb-adv-heading2178_fa8896-4c\">Pridru\u017eite se na\u0161i ekipi<\/h1>\n<\/div><\/div>\n\n<\/div><\/div><style>.kb-row-layout-id2178_2fe604-88 > .kt-row-column-wrap{align-content:start;}:where(.kb-row-layout-id2178_2fe604-88 > .kt-row-column-wrap) > .wp-block-kadence-column{justify-content:start;}.kb-row-layout-id2178_2fe604-88 > .kt-row-column-wrap{column-gap:var(--global-kb-gap-md, 2rem);row-gap:var(--global-kb-gap-md, 2rem);padding-top:var(--global-kb-spacing-xxl, 5rem);padding-bottom:var(--global-kb-spacing-xxl, 5rem);grid-template-columns:minmax(0, 1fr);}.kb-row-layout-id2178_2fe604-88 > .kt-row-layout-overlay{opacity:0.30;}@media all and (max-width: 1024px){.kb-row-layout-id2178_2fe604-88 > .kt-row-column-wrap{grid-template-columns:minmax(0, 1fr);}}@media all and (max-width: 767px){.kb-row-layout-id2178_2fe604-88 > .kt-row-column-wrap{grid-template-columns:minmax(0, 1fr);}}<\/style><div class=\"kb-row-layout-wrap kb-row-layout-id2178_2fe604-88 alignnone wp-block-kadence-rowlayout\"><div class=\"kt-row-column-wrap kt-has-1-columns kt-row-layout-equal kt-tab-layout-inherit kt-mobile-layout-row kt-row-valign-top\">\n<style>.kadence-column2178_72ea8e-2e > .kt-inside-inner-col,.kadence-column2178_72ea8e-2e > .kt-inside-inner-col:before{border-top-left-radius:0px;border-top-right-radius:0px;border-bottom-right-radius:0px;border-bottom-left-radius:0px;}.kadence-column2178_72ea8e-2e > .kt-inside-inner-col{column-gap:var(--global-kb-gap-sm, 1rem);}.kadence-column2178_72ea8e-2e > .kt-inside-inner-col{flex-direction:column;}.kadence-column2178_72ea8e-2e > .kt-inside-inner-col > .aligncenter{width:100%;}.kadence-column2178_72ea8e-2e > .kt-inside-inner-col:before{opacity:0.3;}.kadence-column2178_72ea8e-2e{position:relative;}@media all and (max-width: 1024px){.kadence-column2178_72ea8e-2e > .kt-inside-inner-col{flex-direction:column;justify-content:center;}}@media all and (max-width: 767px){.kadence-column2178_72ea8e-2e > .kt-inside-inner-col{flex-direction:column;justify-content:center;}}<\/style>\n<div class=\"wp-block-kadence-column kadence-column2178_72ea8e-2e\"><div class=\"kt-inside-inner-col\"><style>.wp-block-kadence-advancedheading.kt-adv-heading2178_f03e4c-fe, .wp-block-kadence-advancedheading.kt-adv-heading2178_f03e4c-fe[data-kb-block=\"kb-adv-heading2178_f03e4c-fe\"]{font-style:normal;}.wp-block-kadence-advancedheading.kt-adv-heading2178_f03e4c-fe mark.kt-highlight, .wp-block-kadence-advancedheading.kt-adv-heading2178_f03e4c-fe[data-kb-block=\"kb-adv-heading2178_f03e4c-fe\"] mark.kt-highlight{font-style:normal;color:#f76a0c;-webkit-box-decoration-break:clone;box-decoration-break:clone;padding-top:0px;padding-right:0px;padding-bottom:0px;padding-left:0px;}.wp-block-kadence-advancedheading.kt-adv-heading2178_f03e4c-fe img.kb-inline-image, .wp-block-kadence-advancedheading.kt-adv-heading2178_f03e4c-fe[data-kb-block=\"kb-adv-heading2178_f03e4c-fe\"] img.kb-inline-image{width:150px;vertical-align:baseline;}<\/style>\n<p class=\"kt-adv-heading2178_f03e4c-fe wp-block-kadence-advancedheading\" data-kb-block=\"kb-adv-heading2178_f03e4c-fe\">Aleksandro Komasz Plus smo ustanovili, ker verjamemo, da lahko majhna ekipa zavzetih ljudi spro\u017ei velike spremembe za bolj zdrav svet. Smo dru\u017eina sodelavcev, ki jo vodijo vrednote, in vsak glas tu \u0161teje. Na\u0161a kultura je topla, vklju\u010dujo\u010da in temelji na pravilnem ravnanju, tudi ko nas nih\u010de ne opazuje. Podpiramo drug drugega in na\u0161e stranke z iskrenostjo in sr\u010dnostjo.   <\/p>\n\n\n<style>.kb-row-layout-id2178_724747-b6 > .kt-row-column-wrap{align-content:center;}:where(.kb-row-layout-id2178_724747-b6 > .kt-row-column-wrap) > .wp-block-kadence-column{justify-content:center;}.kb-row-layout-id2178_724747-b6 > .kt-row-column-wrap{column-gap:var(--global-kb-gap-md, 2rem);row-gap:var(--global-kb-gap-md, 2rem);padding-top:var(--global-kb-spacing-sm, 1.5rem);padding-bottom:var(--global-kb-spacing-sm, 1.5rem);grid-template-columns:repeat(2, minmax(0, 1fr));}.kb-row-layout-id2178_724747-b6 > .kt-row-layout-overlay{opacity:0.30;}@media all and (max-width: 1024px){.kb-row-layout-id2178_724747-b6 > .kt-row-column-wrap{grid-template-columns:repeat(2, minmax(0, 1fr));}}@media all and (max-width: 767px){.kb-row-layout-id2178_724747-b6 > .kt-row-column-wrap{grid-template-columns:minmax(0, 1fr);}}<\/style><div class=\"kb-row-layout-wrap kb-row-layout-id2178_724747-b6 alignnone wp-block-kadence-rowlayout\"><div class=\"kt-row-column-wrap kt-has-2-columns kt-row-layout-equal kt-tab-layout-inherit kt-mobile-layout-row kt-row-valign-middle\">\n<style>.kadence-column2178_265069-53 > .kt-inside-inner-col,.kadence-column2178_265069-53 > .kt-inside-inner-col:before{border-top-left-radius:0px;border-top-right-radius:0px;border-bottom-right-radius:0px;border-bottom-left-radius:0px;}.kadence-column2178_265069-53 > .kt-inside-inner-col{column-gap:var(--global-kb-gap-sm, 1rem);}.kadence-column2178_265069-53 > .kt-inside-inner-col{flex-direction:column;}.kadence-column2178_265069-53 > .kt-inside-inner-col > .aligncenter{width:100%;}.kadence-column2178_265069-53 > .kt-inside-inner-col:before{opacity:0.3;}.kadence-column2178_265069-53{position:relative;}@media all and (max-width: 1024px){.kadence-column2178_265069-53 > .kt-inside-inner-col{flex-direction:column;justify-content:center;}}@media all and (max-width: 767px){.kadence-column2178_265069-53 > .kt-inside-inner-col{flex-direction:column;justify-content:center;}}<\/style>\n<div class=\"wp-block-kadence-column kadence-column2178_265069-53\"><div class=\"kt-inside-inner-col\"><style>.wp-block-kadence-advancedheading.kt-adv-heading2178_bb3bbf-27, .wp-block-kadence-advancedheading.kt-adv-heading2178_bb3bbf-27[data-kb-block=\"kb-adv-heading2178_bb3bbf-27\"]{font-style:normal;}.wp-block-kadence-advancedheading.kt-adv-heading2178_bb3bbf-27 mark.kt-highlight, .wp-block-kadence-advancedheading.kt-adv-heading2178_bb3bbf-27[data-kb-block=\"kb-adv-heading2178_bb3bbf-27\"] mark.kt-highlight{font-style:normal;color:#f76a0c;-webkit-box-decoration-break:clone;box-decoration-break:clone;padding-top:0px;padding-right:0px;padding-bottom:0px;padding-left:0px;}.wp-block-kadence-advancedheading.kt-adv-heading2178_bb3bbf-27 img.kb-inline-image, .wp-block-kadence-advancedheading.kt-adv-heading2178_bb3bbf-27[data-kb-block=\"kb-adv-heading2178_bb3bbf-27\"] img.kb-inline-image{width:150px;vertical-align:baseline;}<\/style>\n<h2 class=\"kt-adv-heading2178_bb3bbf-27 wp-block-kadence-advancedheading\" data-kb-block=\"kb-adv-heading2178_bb3bbf-27\">Na\u0161e temeljne vrednote:<\/h2>\n\n\n\n<ul class=\"wp-block-list\">\n<li>Transparentnost in po\u0161tenost: Komuniciramo odprto in resnicoljubno ter gradimo zaupanje v vsem, kar po\u010dnemo.<\/li>\n\n\n\n<li>Odgovornost: Prevzemamo odgovornost za kakovost na\u0161ih izdelkov, na\u0161 vpliv na skupnost in planet ter na\u0161a osebna dejanja vsak dan.<\/li>\n\n\n\n<li>Skrb in dobro po\u010dutje: Resni\u010dno skrbimo za dobro po\u010dutje ljudi. Podpiranje drug drugega in na\u0161ih strank na njihovi poti do dobrega po\u010dutja je razlog, zakaj prihajamo na delo. <\/li>\n\n\n\n<li>Rast in u\u010denje: Spodbujamo radovednost, osebni razvoj in u\u010denje drug od drugega. Miselnost rasti ohranja na\u0161e delo inovativno in nagrajujo\u010de. <\/li>\n<\/ul>\n\n\n<style>.wp-block-kadence-advancedheading.kt-adv-heading2178_fd5886-a4, .wp-block-kadence-advancedheading.kt-adv-heading2178_fd5886-a4[data-kb-block=\"kb-adv-heading2178_fd5886-a4\"]{font-style:normal;}.wp-block-kadence-advancedheading.kt-adv-heading2178_fd5886-a4 mark.kt-highlight, .wp-block-kadence-advancedheading.kt-adv-heading2178_fd5886-a4[data-kb-block=\"kb-adv-heading2178_fd5886-a4\"] mark.kt-highlight{font-style:normal;color:#f76a0c;-webkit-box-decoration-break:clone;box-decoration-break:clone;padding-top:0px;padding-right:0px;padding-bottom:0px;padding-left:0px;}.wp-block-kadence-advancedheading.kt-adv-heading2178_fd5886-a4 img.kb-inline-image, .wp-block-kadence-advancedheading.kt-adv-heading2178_fd5886-a4[data-kb-block=\"kb-adv-heading2178_fd5886-a4\"] img.kb-inline-image{width:150px;vertical-align:baseline;}<\/style>\n<p class=\"kt-adv-heading2178_fd5886-a4 wp-block-kadence-advancedheading\" data-kb-block=\"kb-adv-heading2178_fd5886-a4\">\u010ce vas privla\u010di delovno mesto, kjer lahko naredite razliko in jo vsak dan tudi ob\u010dutite, bi vas radi sli\u0161ali. Razi\u0161\u010dimo, kako se va\u0161i talenti in na\u0161a misija lahko uskladijo, stopite v stik z nami ali se prijavite, in skupaj gradimo bolj zdrav svet. <\/p>\n<\/div><\/div>\n\n\n<style>.kadence-column2178_6eb32c-0b > .kt-inside-inner-col{min-height:400px;}.kadence-column2178_6eb32c-0b > .kt-inside-inner-col,.kadence-column2178_6eb32c-0b > .kt-inside-inner-col:before{border-top-left-radius:0px;border-top-right-radius:0px;border-bottom-right-radius:0px;border-bottom-left-radius:0px;}.kadence-column2178_6eb32c-0b > .kt-inside-inner-col{column-gap:var(--global-kb-gap-sm, 1rem);}.kadence-column2178_6eb32c-0b > .kt-inside-inner-col{flex-direction:column;}.kadence-column2178_6eb32c-0b > .kt-inside-inner-col > .aligncenter{width:100%;}.kadence-column2178_6eb32c-0b > .kt-inside-inner-col{background-image:url('https:\/\/aleksandrakomasz-plus.com\/wp-content\/uploads\/2026\/01\/Detox-start-plus.webp');background-size:cover;background-position:54% 76%;background-attachment:scroll;background-repeat:no-repeat;}.kadence-column2178_6eb32c-0b > .kt-inside-inner-col:before{opacity:0.3;}.kadence-column2178_6eb32c-0b{position:relative;}@media all and (max-width: 1024px){.kadence-column2178_6eb32c-0b > .kt-inside-inner-col{flex-direction:column;justify-content:center;}}@media all and (max-width: 767px){.kadence-column2178_6eb32c-0b > .kt-inside-inner-col{flex-direction:column;justify-content:center;}}<\/style>\n<div class=\"wp-block-kadence-column kadence-column2178_6eb32c-0b\"><div class=\"kt-inside-inner-col\"><\/div><\/div>\n\n<\/div><\/div><\/div><\/div>\n\n<\/div><\/div>","protected":false},"excerpt":{"rendered":"<p>Pridru\u017eite se na\u0161i ekipi Aleksandro Komasz Plus smo ustanovili, ker verjamemo, da lahko majhna ekipa zavzetih ljudi spro\u017ei velike spremembe za bolj zdrav svet. Smo dru\u017eina sodelavcev, ki jo vodijo vrednote, in vsak glas tu \u0161teje. Na\u0161a kultura je topla, vklju\u010dujo\u010da in temelji na pravilnem ravnanju, tudi ko nas nih\u010de ne opazuje. Podpiramo drug drugega&#8230;<\/p>\n","protected":false},"author":1,"featured_media":0,"parent":0,"menu_order":0,"comment_status":"closed","ping_status":"closed","template":"","meta":{"_acf_changed":false,"_kad_blocks_custom_css":"","_kad_blocks_head_custom_js":"","_kad_blocks_body_custom_js":"","_kad_blocks_footer_custom_js":"","_kad_post_transparent":"","_kad_post_title":"","_kad_post_layout":"","_kad_post_sidebar_id":"","_kad_post_content_style":"","_kad_post_vertical_padding":"","_kad_post_feature":"","_kad_post_feature_position":"","_kad_post_header":false,"_kad_post_footer":false,"_kad_post_classname":"","footnotes":""},"class_list":["post-2901","page","type-page","status-publish","hentry"],"acf":[],"taxonomy_info":[],"featured_image_src_large":false,"author_info":{"display_name":"wpm","author_link":"https:\/\/aleksandrakomasz-plus.com\/sl\/author\/wpm\/"},"comment_info":0,"_links":{"self":[{"href":"https:\/\/aleksandrakomasz-plus.com\/sl\/wp-json\/wp\/v2\/pages\/2901","targetHints":{"allow":["GET"]}}],"collection":[{"href":"https:\/\/aleksandrakomasz-plus.com\/sl\/wp-json\/wp\/v2\/pages"}],"about":[{"href":"https:\/\/aleksandrakomasz-plus.com\/sl\/wp-json\/wp\/v2\/types\/page"}],"author":[{"embeddable":true,"href":"https:\/\/aleksandrakomasz-plus.com\/sl\/wp-json\/wp\/v2\/users\/1"}],"replies":[{"embeddable":true,"href":"https:\/\/aleksandrakomasz-plus.com\/sl\/wp-json\/wp\/v2\/comments?post=2901"}],"version-history":[{"count":1,"href":"https:\/\/aleksandrakomasz-plus.com\/sl\/wp-json\/wp\/v2\/pages\/2901\/revisions"}],"predecessor-version":[{"id":2902,"href":"https:\/\/aleksandrakomasz-plus.com\/sl\/wp-json\/wp\/v2\/pages\/2901\/revisions\/2902"}],"wp:attachment":[{"href":"https:\/\/aleksandrakomasz-plus.com\/sl\/wp-json\/wp\/v2\/media?parent=2901"}],"curies":[{"name":"wp","href":"https:\/\/api.w.org\/{rel}","templated":true}]}}